{"id":3,"date":"2022-09-20T09:50:51","date_gmt":"2022-09-20T09:50:51","guid":{"rendered":"https:\/\/influenceemobility.com\/wordpress-cms\/?page_id=3"},"modified":"2022-10-04T12:23:14","modified_gmt":"2022-10-04T12:23:14","slug":"politique-de-confidentialite","status":"publish","type":"page","link":"https:\/\/influenceemobility.com\/fr\/politique-de-confidentialite\/","title":{"rendered":"Avis de confidentialit\u00e9"},"content":{"rendered":"<h1>Avis de confidentialit\u00e9<\/h1>\n<h5>Influence Emobility Ltd<\/h5>\n<ol>\n<li><strong>G\u00e9n\u00e9ral<\/strong>\n<ol>\n<li>Influence Emobility Ltd Limited trading as Influence Emobility (\"nous\" ou \"Influence Emobility\") prend tr\u00e8s au s\u00e9rieux la confidentialit\u00e9 de vos informations.<\/li>\n<li>Le pr\u00e9sent avis de confidentialit\u00e9 a pour but d'expliquer nos pratiques en mati\u00e8re de collecte, d'utilisation et de divulgation des informations personnelles que nous pouvons d\u00e9tenir sur les clients, les fournisseurs, les faiseurs d'opinion, les influenceurs, les journalistes et autres tiers. Le pr\u00e9sent avis de confidentialit\u00e9 ne s'applique pas aux informations que nous d\u00e9tenons sur notre personnel et nos contractants, qui font l'objet d'un avis de confidentialit\u00e9 distinct.<\/li>\n<li>Cet avis s'applique \u00e0 toutes les informations personnelles que nous d\u00e9tenons sur des individus (autres que le personnel), qu'ils soient clients ou non. Dans le pr\u00e9sent avis, le terme \"vous\" d\u00e9signe toute personne dont nous d\u00e9tenons ou traitons les donn\u00e9es personnelles.<\/li>\n<li>Le pr\u00e9sent avis est r\u00e9gi par le r\u00e8glement g\u00e9n\u00e9ral de l'UE sur la protection des donn\u00e9es (le \"RGPD\") \u00e0 compter du 25 mai 2018.<\/li>\n<li>Le pr\u00e9sent avis s'applique aux donn\u00e9es personnelles que nous d\u00e9tenons \u00e0 votre sujet. \"Donn\u00e9es personnelles\" signifie les informations qui vous concernent en tant que personne identifi\u00e9e ou identifiable.<\/li>\n<\/ol>\n<\/li>\n<li><strong>Base juridique sur laquelle nous traitons les donn\u00e9es personnelles<\/strong>\n<ol>\n<li>Les donn\u00e9es personnelles que nous d\u00e9tenons \u00e0 votre sujet seront trait\u00e9es l\u00e9galement sur la base de l'une des raisons l\u00e9gales suivantes (appel\u00e9es \"base l\u00e9gale\") :<\/li>\n<li>Parce que le traitement est n\u00e9cessaire pour un \"int\u00e9r\u00eat l\u00e9gitime\", un int\u00e9r\u00eat l\u00e9gitime dans ce contexte signifie un int\u00e9r\u00eat valide que nous avons ou qu'un tiers a dans le traitement de vos donn\u00e9es personnelles qui n'est pas supplant\u00e9 par vos int\u00e9r\u00eats dans la confidentialit\u00e9 et la s\u00e9curit\u00e9 des donn\u00e9es.<\/li>\n<li>Parce que le traitement est n\u00e9cessaire pour nous permettre de respecter nos obligations en vertu d'un contrat entre vous ou votre employeur et nous ; ou<\/li>\n<li>Parce que vous avez consenti au traitement.<\/li>\n<\/ol>\n<\/li>\n<li><strong>Donn\u00e9es personnelles que nous collectons<\/strong>\n<ol>\n<li>Nous pouvons recueillir et traiter les donn\u00e9es personnelles suivantes vous concernant :<\/li>\n<li>Les coordonn\u00e9es que nous d\u00e9tenons parce que vous \u00eates employ\u00e9 ou engag\u00e9 par l'un de nos clients (par exemple votre adresse \u00e9lectronique ou votre num\u00e9ro de t\u00e9l\u00e9phone) (\"coordonn\u00e9es du client\").<\/li>\n<li>Les informations biographiques et autres informations personnelles que vous nous fournissez en tant que client ou en votre qualit\u00e9 d'employ\u00e9 de notre client, dans le cadre de nos services (\"informations biographiques\") ;<\/li>\n<li>Les informations de contact que nous d\u00e9tenons parce que vous \u00eates un tiers en rapport avec les services que nous fournissons \u00e0 nos clients (vous pouvez par exemple \u00eatre un fournisseur ou un journaliste) (\"Informations de contact des tiers\") ;<\/li>\n<li>Les enregistrements des courriels et autres correspondances entre vous et nous et nos employ\u00e9s (\"Informations sur les communications\") ;<\/li>\n<li>Des informations sur votre expertise, vos affiliations, vos domaines d'int\u00e9r\u00eat ou vos publications (\"informations sur les int\u00e9r\u00eats\") ;<\/li>\n<li>Autres informations publiques g\u00e9n\u00e9ralement disponibles (\"Informations publiques\").<\/li>\n<li>Vous n'\u00eates pas tenu de nous fournir des informations personnelles et vous pouvez retirer notre autorisation de traiter vos donn\u00e9es personnelles (ou nous demander de restreindre notre traitement - voir la clause 8) \u00e0 tout moment.<\/li>\n<\/ol>\n<\/li>\n<\/ol>\n<ol start=\"4\">\n<li><strong>Comment nous traitons vos donn\u00e9es personnelles<\/strong>\n<ol>\n<li>Veuillez consulter le tableau ci-dessous, qui pr\u00e9sente la mani\u00e8re dont nous traiterons les diff\u00e9rents types de donn\u00e9es personnelles que nous d\u00e9tenons et la base juridique utilis\u00e9e pour le traitement :<\/li>\n<\/ol>\n<\/li>\n<\/ol>\n<table width=\"100%\">\n<tbody>\n<tr>\n<td><strong>Objectif\/activit\u00e9<\/strong><\/td>\n<td><strong>Type de donn\u00e9es<\/strong><\/td>\n<td><strong>Base l\u00e9gale du traitement, y compris la base de l'int\u00e9r\u00eat l\u00e9gitime<\/strong><\/td>\n<\/tr>\n<tr>\n<td>Lorsque vous ou votre employeur nous engagez pour fournir des services<\/td>\n<td>Coordonn\u00e9es du client Informations biographiques<\/td>\n<td>Ex\u00e9cution d'un contrat avec vous. N\u00e9cessaire pour nos int\u00e9r\u00eats l\u00e9gitimes (\u00e9tablir les informations n\u00e9cessaires vous concernant afin de fournir nos services).<\/td>\n<\/tr>\n<tr>\n<td>Lorsque nous fournissons des services \u00e0 vous \/ \u00e0 votre employeur.<\/td>\n<td>Coordonn\u00e9es du client Informations biographiques Informations de communication Informations d'int\u00e9r\u00eat<\/td>\n<td>Ex\u00e9cution d'un contrat avec vous. N\u00e9cessaire pour nos int\u00e9r\u00eats l\u00e9gitimes (pour g\u00e9rer notre entreprise et vous fournir des services de communication).<\/td>\n<\/tr>\n<tr>\n<td>Lorsque nous communiquons avec des tiers au nom de nos clients dans le cadre de la fourniture de nos services de communication.<\/td>\n<td>Coordonn\u00e9es de tiers Informations biographiques et passeport Informations d'int\u00e9r\u00eat Informations publiques<\/td>\n<td>N\u00e9cessaire pour nos int\u00e9r\u00eats l\u00e9gitimes (pour fournir des services de communication \u00e0 nos clients).<\/td>\n<\/tr>\n<tr>\n<td>Pour g\u00e9rer et administrer notre relation avec vous en tant que client ou tiers, ce qui peut inclure : (a) vous informer des modifications apport\u00e9es \u00e0 notre avis de confidentialit\u00e9 ou \u00e0 nos conditions d'engagement ; (b) traiter une plainte ou une observation.<\/td>\n<td>Coordonn\u00e9es des clients Coordonn\u00e9es des tiers Informations sur les communications<\/td>\n<td>Ex\u00e9cution d'un contrat avec vous. N\u00e9cessaire pour se conformer \u00e0 une obligation l\u00e9gale. N\u00e9cessaire pour nos int\u00e9r\u00eats l\u00e9gitimes.<\/td>\n<\/tr>\n<tr>\n<td>Vous inviter \u00e0 des \u00e9v\u00e9nements pour le compte de nos clients ou \u00e0 des \u00e9v\u00e9nements g\u00e9n\u00e9raux dans des domaines d'int\u00e9r\u00eat ou de pr\u00e9occupation donn\u00e9s (qui peuvent ou non \u00eatre organis\u00e9s par nous) ;<\/td>\n<td>Coordonn\u00e9es du client Coordonn\u00e9es du tiers Informations sur les int\u00e9r\u00eats<\/td>\n<td>N\u00e9cessaire pour nos int\u00e9r\u00eats l\u00e9gitimes \u00e0 fournir des services de communication \u00e0 nos clients.<\/td>\n<\/tr>\n<tr>\n<td>Engager le dialogue, fournir des informations et communiquer avec vous, en notre nom ou au nom de nos clients, au sujet de : nos clients ; les domaines d'int\u00e9r\u00eat ou de pr\u00e9occupation ; la politique publique et \u00e9conomique ; ou d'autres organisations et individus.<\/td>\n<td>Coordonn\u00e9es de tiers Informations biographiques Informations d'int\u00e9r\u00eat Informations publiques<\/td>\n<td>N\u00e9cessaire pour nos int\u00e9r\u00eats l\u00e9gitimes.<\/td>\n<\/tr>\n<\/tbody>\n<\/table>\n<ol start=\"5\">\n<li><strong>Conservation des donn\u00e9es<\/strong>\n<ol>\n<li>Notre politique actuelle de conservation des donn\u00e9es consiste \u00e0 supprimer ou \u00e0 d\u00e9truire (dans la mesure o\u00f9 nous sommes en mesure de le faire) les donn\u00e9es personnelles que nous d\u00e9tenons \u00e0 votre sujet conform\u00e9ment \u00e0 ce qui suit :<\/li>\n<\/ol>\n<\/li>\n<\/ol>\n<table width=\"100%\">\n<tbody>\n<tr>\n<td><strong>Cat\u00e9gorie de donn\u00e9es \u00e0 caract\u00e8re personnel<\/strong><\/td>\n<td><strong>Dur\u00e9e de la r\u00e9tention<\/strong><\/td>\n<\/tr>\n<tr>\n<td>Documents pertinents \u00e0 des fins fiscales<\/td>\n<td>8 ans \u00e0 compter de la fin de l'ann\u00e9e fiscale \u00e0 laquelle les documents se rapportent<\/td>\n<\/tr>\n<tr>\n<td>Les donn\u00e9es personnelles trait\u00e9es dans le cadre d'un contrat entre vous (ou votre employeur) et nous.<\/td>\n<td>7 ans \u00e0 compter de la fin de notre contrat avec vous ou votre employeur<\/td>\n<\/tr>\n<tr>\n<td>Donn\u00e9es personnelles d\u00e9tenues dans des bases de donn\u00e9es de contacts g\u00e9n\u00e9raux<\/td>\n<td>3 ans \u00e0 partir de la derni\u00e8re date \u00e0 laquelle vous avez interagi avec nous.<\/td>\n<\/tr>\n<\/tbody>\n<\/table>\n<ol class=\"indent-2\" start=\"2\">\n<li>Pour toute cat\u00e9gorie de donn\u00e9es \u00e0 caract\u00e8re personnel qui n'est pas sp\u00e9cifiquement d\u00e9finie dans le pr\u00e9sent avis, et sauf disposition contraire de la loi applicable, la p\u00e9riode de conservation requise pour toute donn\u00e9e \u00e0 caract\u00e8re personnel sera r\u00e9put\u00e9e \u00eatre de 7 ans \u00e0 compter de la date de r\u00e9ception par nous de ces donn\u00e9es.<\/li>\n<li>Les p\u00e9riodes de conservation indiqu\u00e9es dans le pr\u00e9sent avis peuvent \u00eatre prolong\u00e9es ou raccourcies selon les besoins (par exemple, dans le cas o\u00f9 une proc\u00e9dure judiciaire s'applique aux donn\u00e9es ou si une enqu\u00eate est en cours sur les donn\u00e9es).<\/li>\n<li>Nous examinons r\u00e9guli\u00e8rement les donn\u00e9es personnelles (et les cat\u00e9gories de donn\u00e9es personnelles) que nous d\u00e9tenons pour nous assurer qu'elles sont toujours pertinentes pour notre activit\u00e9 et qu'elles sont exactes. Si nous d\u00e9couvrons que certaines donn\u00e9es que nous d\u00e9tenons ne sont plus n\u00e9cessaires ou exactes, nous prendrons des mesures raisonnables pour corriger ou supprimer ces donn\u00e9es, le cas \u00e9ch\u00e9ant.<\/li>\n<li>Si vous souhaitez demander que les donn\u00e9es que nous d\u00e9tenons \u00e0 votre sujet soient modifi\u00e9es ou supprim\u00e9es, veuillez vous r\u00e9f\u00e9rer \u00e0 la clause 8 ci-dessous, qui explique vos droits en mati\u00e8re de confidentialit\u00e9.<\/li>\n<\/ol>\n<ol start=\"6\">\n<li><strong>Partage de vos informations<\/strong>\n<ol>\n<li>Nous ne divulguons pas les informations personnelles que vous fournissez \u00e0 des tiers, sauf dans les cas suivants :\n<ol>\n<li>Dans le cadre de la fourniture de services de communication, nous pouvons \u00eatre amen\u00e9s \u00e0 divulguer des informations \u00e0 des associ\u00e9s et \u00e0 des fournisseurs, \u00e0 des journalistes, \u00e0 des organisations de m\u00e9dias et \u00e0 d'autres parties int\u00e9ress\u00e9es (bien que nous ne divulguions g\u00e9n\u00e9ralement pas les coordonn\u00e9es personnelles sans votre consentement) ;<\/li>\n<li>Si nous sous-traitons des services \u00e0 un tiers, nous pouvons fournir des informations \u00e0 ce tiers afin de fournir les services en question ;<\/li>\n<\/ol>\n<\/li>\n<li>si nous sommes dans l'obligation de divulguer ou de partager vos donn\u00e9es personnelles afin de nous conformer \u00e0 une obligation l\u00e9gale (par exemple, si nous y sommes contraints par une d\u00e9cision de justice ou \u00e0 des fins de pr\u00e9vention de la fraude ou d'autres d\u00e9lits) ;<\/li>\n<li>afin de faire respecter les conditions ou les accords relatifs \u00e0 nos services ;<\/li>\n<li>pour prot\u00e9ger nos droits, nos biens et notre s\u00e9curit\u00e9, ou les droits, les biens et la s\u00e9curit\u00e9 de nos utilisateurs ou de tout autre tiers. Cela inclut l'\u00e9change d'informations \u00e0 des fins de protection contre la fraude et de r\u00e9duction du risque de cr\u00e9dit.<\/li>\n<\/ol>\n<\/li>\n<\/ol>\n<p class=\"indent-1\">En dehors de ce qui est indiqu\u00e9 ci-dessus, nous ne divulguerons aucune de vos informations personnelles \u00e0 moins que vous ne nous en donniez l'autorisation. Si nous fournissons vos informations personnelles \u00e0 un tiers, nous prendrons des mesures pour nous assurer que vos droits \u00e0 la vie priv\u00e9e sont prot\u00e9g\u00e9s et que ce tiers respecte les conditions de la pr\u00e9sente notice.<\/p>\n<ol>\n<li style=\"list-style-type: none;\"><\/li>\n<\/ol>\n<ol start=\"7\">\n<li><strong>S\u00e9curit\u00e9<\/strong>\n<ol>\n<li>Nous prendrons toutes les mesures raisonnables pour garantir l'application de mesures techniques et organisationnelles appropri\u00e9es afin de sauvegarder les informations que nous recueillons aupr\u00e8s de vous et de les prot\u00e9ger contre tout acc\u00e8s illicite et toute perte ou tout dommage accidentel.<\/li>\n<li>Le pr\u00e9sent avis et nos proc\u00e9dures de traitement des donn\u00e9es personnelles seront r\u00e9vis\u00e9s si n\u00e9cessaire.<\/li>\n<\/ol>\n<\/li>\n<li><strong>Votre droit \u00e0 la vie priv\u00e9e<\/strong>\n<ol>\n<li>Le GDPR vous donne les droits suivants en ce qui concerne les donn\u00e9es personnelles que nous d\u00e9tenons \u00e0 votre sujet :<\/li>\n<\/ol>\n<\/li>\n<\/ol>\n<table width=\"100%\">\n<tbody>\n<tr>\n<td><strong>Le droit d'\u00eatre inform\u00e9<\/strong><\/td>\n<td>Vous avez le droit de conna\u00eetre nos activit\u00e9s de protection et de traitement des donn\u00e9es \u00e0 caract\u00e8re personnel, dont les d\u00e9tails sont contenus dans le pr\u00e9sent avis.<\/td>\n<\/tr>\n<tr>\n<td><strong>Le droit d'acc\u00e8s<\/strong><\/td>\n<td>Vous pouvez faire ce que l'on appelle une demande d'acc\u00e8s aux donn\u00e9es personnelles (\"SAR\") pour demander des informations sur les donn\u00e9es personnelles que nous d\u00e9tenons \u00e0 votre sujet (gratuitement, \u00e0 l'exception des frais raisonnables pour les demandes r\u00e9p\u00e9t\u00e9es). Si vous souhaitez faire une demande d'acc\u00e8s, veuillez nous contacter comme indiqu\u00e9 ci-dessous.<\/td>\n<\/tr>\n<tr>\n<td><strong>Le droit de correction<\/strong><\/td>\n<td>Veuillez nous informer si les informations que nous d\u00e9tenons \u00e0 votre sujet sont incompl\u00e8tes ou inexactes de quelque mani\u00e8re que ce soit et nous mettrons nos dossiers \u00e0 jour d\u00e8s que possible, mais en tout \u00e9tat de cause dans un d\u00e9lai d'un mois. Nous prendrons des mesures raisonnables pour communiquer le changement \u00e0 tout tiers \u00e0 qui nous avons transmis les m\u00eames informations.<\/td>\n<\/tr>\n<tr>\n<td><strong>Le droit \u00e0 l'effacement (le \"droit \u00e0 l'oubli\")<\/strong><\/td>\n<td>Veuillez nous informer si vous ne souhaitez plus que nous conservions des donn\u00e9es personnelles vous concernant (bien qu'en pratique, cela puisse limiter ou restreindre notre capacit\u00e9 \u00e0 fournir des services ou une assistance). \u00c0 moins que nous ayons des motifs raisonnables de refuser l'effacement, \u00e0 la r\u00e9ception d'une telle demande, nous supprimerons de mani\u00e8re s\u00e9curis\u00e9e les donn\u00e9es personnelles en question dans un d\u00e9lai d'un mois. Les donn\u00e9es peuvent continuer \u00e0 exister sous forme de sauvegarde, mais nous prendrons des mesures pour nous assurer qu'elles ne seront pas accessibles. Nous communiquerons l'effacement \u00e0 tous les tiers auxquels nous avons transmis les m\u00eames informations.<\/td>\n<\/tr>\n<tr>\n<td><strong>Le droit de restreindre le traitement<\/strong><\/td>\n<td>Vous pouvez nous demander de ne plus traiter vos donn\u00e9es personnelles de certaines mani\u00e8res, sans pour autant nous obliger \u00e0 supprimer ces m\u00eames donn\u00e9es.<\/td>\n<\/tr>\n<tr>\n<td><strong>Le droit \u00e0 la portabilit\u00e9 des donn\u00e9es<\/strong><\/td>\n<td>Vous avez le droit de recevoir des copies des donn\u00e9es personnelles que nous d\u00e9tenons \u00e0 votre sujet dans un format couramment utilis\u00e9 et facilement stockable (veuillez nous indiquer un format qui vous convient). Vous pouvez \u00e9galement demander que nous transf\u00e9rions vos donn\u00e9es personnelles directement \u00e0 un tiers (lorsque cela est techniquement possible).<\/td>\n<\/tr>\n<tr>\n<td><strong>Le droit d'opposition<\/strong><\/td>\n<td>\u00c0 moins que nous n'ayons des motifs l\u00e9gitimes imp\u00e9rieux pour ce traitement, vous pouvez vous opposer \u00e0 ce que nous utilisions vos donn\u00e9es personnelles \u00e0 des fins de marketing direct (y compris le profilage) ou \u00e0 des fins de recherche ou de statistiques. Veuillez nous notifier votre objection et nous cesserons volontiers ce traitement.<\/td>\n<\/tr>\n<tr>\n<td><strong>Droit de retirer le consentement<\/strong><\/td>\n<td>Si nous nous basons sur votre consentement pour traiter vos donn\u00e9es personnelles, vous avez le droit de retirer votre consentement \u00e0 tout moment. M\u00eame si vous n'avez pas express\u00e9ment donn\u00e9 votre consentement \u00e0 notre traitement, vous avez \u00e9galement le droit de vous opposer (voir ci-dessus).<\/td>\n<\/tr>\n<\/tbody>\n<\/table>\n<ol class=\"indent-2\" start=\"2\">\n<li>Toutes les d\u00e9clarations de soup\u00e7on et autres demandes ou notifications concernant les droits susmentionn\u00e9s doivent nous \u00eatre envoy\u00e9es par \u00e9crit \u00e0 Influence Emobility Limited, FAO Data Protection Manager, 22 Soho Square, Londres, W1D 4NS ou <a href=\"mailto:datamanager@projectassociatesltd.com\">datamanager@influenceassociates.com<\/a><\/li>\n<li>Nous nous efforcerons de r\u00e9pondre \u00e0 ces demandes dans les meilleurs d\u00e9lais, mais en tout \u00e9tat de cause, nous y r\u00e9pondrons dans un d\u00e9lai d'un mois \u00e0 compter de leur r\u00e9ception (\u00e0 moins qu'un d\u00e9lai de r\u00e9ponse plus long ne soit raisonnable en raison de la complexit\u00e9 ou du nombre de vos demandes).<\/li>\n<\/ol>\n<ol start=\"9\">\n<li><strong>Violations de donn\u00e9es<\/strong>\n<ol>\n<li>Si les donn\u00e9es personnelles que nous d\u00e9tenons \u00e0 votre sujet font l'objet d'une violation ou d'une divulgation ou d'un acc\u00e8s non autoris\u00e9, nous le signalerons au Bureau du commissaire \u00e0 l'information (ICO) et\/ou \u00e0 notre responsable ou agent de la protection des donn\u00e9es (si un agent a \u00e9t\u00e9 nomm\u00e9).<\/li>\n<li>Si une violation est susceptible d'entra\u00eener un risque pour vos droits et libert\u00e9s en mati\u00e8re de donn\u00e9es, nous vous en informerons d\u00e8s que possible.<\/li>\n<\/ol>\n<\/li>\n<li><strong>Transfert de vos informations en dehors de l'Europe<\/strong>\n<ol>\n<li>Nos services sont de nature internationale. Dans le cadre des services que nous fournissons, les informations peuvent \u00eatre transf\u00e9r\u00e9es, trait\u00e9es et stock\u00e9es dans des pays ou des organisations internationales situ\u00e9s en dehors de l'EEE.<\/li>\n<li>Nous ne transf\u00e9rerons aucune donn\u00e9e de mani\u00e8re syst\u00e9matique en dehors de l'EEE mais il peut y avoir des circonstances dans lesquelles certaines informations personnelles sont transf\u00e9r\u00e9es en dehors de l'EEE, en particulier :\n<ol>\n<li>Nous pouvons \u00eatre amen\u00e9s \u00e0 communiquer avec des personnes ou des organisations situ\u00e9es en dehors de l'EEE dans le cadre de la prestation de nos services, ces communications pouvant inclure des informations personnelles (telles que des informations de contact) ;<\/li>\n<li>Nous pouvons \u00eatre tenus de fournir certaines informations personnelles dans le cadre d'une obligation l\u00e9gale de d\u00e9claration \u00e0 une entit\u00e9 situ\u00e9e en dehors de l'EEE (par exemple le gouvernement f\u00e9d\u00e9ral am\u00e9ricain) et certaines de ces informations peuvent \u00eatre rendues publiques ;<\/li>\n<\/ol>\n<\/li>\n<li>De temps \u00e0 autre, vos informations peuvent \u00eatre stock\u00e9es dans des appareils utilis\u00e9s par notre personnel en dehors de l'EEE (mais le personnel sera soumis \u00e0 nos politiques de cybers\u00e9curit\u00e9).<\/li>\n<li>Si nous transf\u00e9rons vos informations en dehors de l'EEE, et que le pays tiers ou l'organisation internationale en question n'a pas \u00e9t\u00e9 jug\u00e9 par la Commission europ\u00e9enne comme ayant des lois ad\u00e9quates en mati\u00e8re de protection des donn\u00e9es, nous fournirons des garanties appropri\u00e9es et vos droits en mati\u00e8re de protection de la vie priv\u00e9e continueront \u00e0 nous \u00eatre opposables comme indiqu\u00e9 dans le pr\u00e9sent avis.<\/li>\n<\/ol>\n<\/li>\n<\/ol>\n<ol start=\"11\">\n<li><strong>Nous contacter<br \/>\n<\/strong><strong><br \/>\n<\/strong>Si, \u00e0 tout moment, vous souhaitez nous contacter pour nous faire part de votre point de vue sur nos pratiques en mati\u00e8re de protection de la vie priv\u00e9e, ou pour toute demande ou plainte concernant vos informations personnelles ou la mani\u00e8re dont elles sont trait\u00e9es, vous pouvez le faire aux adresses suivantes Influence Emobility Limited, FAO Data Protection Manager, 22 Soho Square, Londres, W1D 4NS ou <a href=\"mailto:datamanager@projectassociatesltd.com\">datamanager@influenceassociates.com<\/a><u>.<\/u><\/li>\n<\/ol>","protected":false},"excerpt":{"rendered":"<p>Avis de confidentialit\u00e9 Influence Emobility Ltd General Influence Emobility Ltd Limited trading as Influence Emobility (\"nous\", \"notre\" ou \"Influence Emobility\") prend tr\u00e8s au s\u00e9rieux la confidentialit\u00e9 de vos informations. Cet avis de confidentialit\u00e9 a pour but d'expliquer nos pratiques...<\/p>","protected":false},"author":1,"featured_media":0,"parent":0,"menu_order":100,"comment_status":"closed","ping_status":"open","template":"templates\/template-plain-text.php","meta":{"_acf_changed":false,"footnotes":""},"class_list":["post-3","page","type-page","status-publish","hentry"],"acf":[],"_links":{"self":[{"href":"https:\/\/influenceemobility.com\/fr\/wp-json\/wp\/v2\/pages\/3","targetHints":{"allow":["GET"]}}],"collection":[{"href":"https:\/\/influenceemobility.com\/fr\/wp-json\/wp\/v2\/pages"}],"about":[{"href":"https:\/\/influenceemobility.com\/fr\/wp-json\/wp\/v2\/types\/page"}],"author":[{"embeddable":true,"href":"https:\/\/influenceemobility.com\/fr\/wp-json\/wp\/v2\/users\/1"}],"replies":[{"embeddable":true,"href":"https:\/\/influenceemobility.com\/fr\/wp-json\/wp\/v2\/comments?post=3"}],"version-history":[{"count":7,"href":"https:\/\/influenceemobility.com\/fr\/wp-json\/wp\/v2\/pages\/3\/revisions"}],"predecessor-version":[{"id":481,"href":"https:\/\/influenceemobility.com\/fr\/wp-json\/wp\/v2\/pages\/3\/revisions\/481"}],"wp:attachment":[{"href":"https:\/\/influenceemobility.com\/fr\/wp-json\/wp\/v2\/media?parent=3"}],"curies":[{"name":"wp","href":"https:\/\/api.w.org\/{rel}","templated":true}]}}